{"id":172,"date":"2024-07-02T16:08:13","date_gmt":"2024-07-02T16:08:13","guid":{"rendered":"https:\/\/andresgomezcirujano.com\/?page_id=172"},"modified":"2026-02-18T21:47:30","modified_gmt":"2026-02-18T21:47:30","slug":"sobre-mi","status":"publish","type":"page","link":"https:\/\/andresgomezcirujano.com\/en\/sobre-mi\/","title":{"rendered":"Andres Gomez"},"content":{"rendered":"<div data-elementor-type=\"wp-page\" data-elementor-id=\"172\" class=\"elementor elementor-172\" data-elementor-post-type=\"page\">\n\t\t\t\t\t\t<section class=\"elementor-section elementor-top-section elementor-element elementor-element-267a26e elementor-section-content-middle elementor-section-boxed elementor-section-height-default elementor-section-height-default\" data-id=\"267a26e\" data-element_type=\"section\" data-settings=\"{&quot;background_background&quot;:&quot;classic&quot;}\">\n\t\t\t\t\t\t<div class=\"elementor-container elementor-column-gap-default\">\n\t\t\t\t\t<div class=\"elementor-column elementor-col-50 elementor-top-column elementor-element elementor-element-f7f8421\" data-id=\"f7f8421\" data-element_type=\"column\">\n\t\t\t<div class=\"elementor-widget-wrap elementor-element-populated\">\n\t\t\t\t\t\t<div class=\"elementor-element elementor-element-4ff8c2a animated-slow elementor-invisible elementor-widget elementor-widget-heading\" data-id=\"4ff8c2a\" data-element_type=\"widget\" data-settings=\"{&quot;_animation&quot;:&quot;fadeInLeft&quot;}\" data-widget_type=\"heading.default\">\n\t\t\t\t<div class=\"elementor-widget-container\">\n\t\t\t\t\t<h5 class=\"elementor-heading-title elementor-size-default\">Doctor<\/h5>\t\t\t\t<\/div>\n\t\t\t\t<\/div>\n\t\t\t\t<div class=\"elementor-element elementor-element-72f02b1 elementor-widget elementor-widget-heading\" data-id=\"72f02b1\" data-element_type=\"widget\" data-widget_type=\"heading.default\">\n\t\t\t\t<div class=\"elementor-widget-container\">\n\t\t\t\t\t<h2 class=\"elementor-heading-title elementor-size-default\">Andr\u00e9s Felipe G\u00f3mez C.\n<\/h2>\t\t\t\t<\/div>\n\t\t\t\t<\/div>\n\t\t\t\t<div class=\"elementor-element elementor-element-ef66c1a elementor-widget elementor-widget-text-editor\" data-id=\"ef66c1a\" data-element_type=\"widget\" data-widget_type=\"text-editor.default\">\n\t\t\t\t<div class=\"elementor-widget-container\">\n\t\t\t\t\t\t\t\t\t<p>Hi, I am Dr. Andr\u00e9s G\u00f3mez, passionate about medicine and good practices. I am grateful to my father for teaching me the passion for this profession from a young age, and that is why I find it rewarding. It teaches me every day the value of service and dedication in a coherent and sincere manner.<\/p><p>I balance my profession with the practice of mixed martial arts like jiu-jitsu, and I feel a deep connection with animals.<\/p><p>I studied at CES University located in the city of Medell\u00edn and later specialized.<br \/>I obtained my degree in Plastic, Maxillofacial, and Hand Surgery from the University of Antioquia. I completed an internship at the Ivo Pitanguy Institute in Rio de Janeiro, Brazil.<\/p><p>I am currently a full member of the Colombian Society of Plastic Surgery.<br \/>Coordinador de cirug\u00eda pl\u00e1stica de la cl\u00ednica la vegas.<\/p>\t\t\t\t\t\t\t\t<\/div>\n\t\t\t\t<\/div>\n\t\t\t\t<div class=\"elementor-element elementor-element-1307ae5 jkit-equal-height-disable elementor-widget elementor-widget-jkit_icon_box\" data-id=\"1307ae5\" data-element_type=\"widget\" data-widget_type=\"jkit_icon_box.default\">\n\t\t\t\t<div class=\"elementor-widget-container\">\n\t\t\t\t\t<div  class=\"jeg-elementor-kit jkit-icon-box icon-position-left elementor-animation- jeg_module___69d3eaef5130f\" ><div class=\"jkit-icon-box-wrapper hover-from-left\"><div class=\"icon-box icon-box-header elementor-animation-float\"><div class=\"icon style-color\"><i aria-hidden=\"true\" class=\"jki jki-stethoscope-light\"><\/i><\/div><\/div><div class=\"icon-box icon-box-body\">\n                <h3 class=\"title\">Academic distinction <\/h3><p class=\"icon-box-description\">Mejor investigaci\u00f3n de pregrado  en el mes de octubre de 2003.\n\nTrabajo de Investigaci\u00f3n en riesgos de infecci\u00f3n por tuberculosis. Trabajador de la salud Medell\u00edn 2001-2002.<\/p>\n            <\/div>\n            \n            <\/div><\/div>\t\t\t\t<\/div>\n\t\t\t\t<\/div>\n\t\t\t\t<div class=\"elementor-element elementor-element-4bbcd43 jkit-equal-height-disable elementor-widget elementor-widget-jkit_icon_box\" data-id=\"4bbcd43\" data-element_type=\"widget\" data-widget_type=\"jkit_icon_box.default\">\n\t\t\t\t<div class=\"elementor-widget-container\">\n\t\t\t\t\t<div  class=\"jeg-elementor-kit jkit-icon-box icon-position-left elementor-animation- jeg_module__1_69d3eaef52019\" ><div class=\"jkit-icon-box-wrapper hover-from-left\"><div class=\"icon-box icon-box-header elementor-animation-float\"><div class=\"icon style-color\"><i aria-hidden=\"true\" class=\"jki jki-doctor-light\"><\/i><\/div><\/div><div class=\"icon-box icon-box-body\">\n                <h3 class=\"title\">Doctor and Surgeon<\/h3><p class=\"icon-box-description\">Universidad CES. Medell\u00edn.\nDiciembre 2003<\/p>\n            <\/div>\n            \n            <\/div><\/div>\t\t\t\t<\/div>\n\t\t\t\t<\/div>\n\t\t\t\t<div class=\"elementor-element elementor-element-859a851 jkit-equal-height-disable elementor-widget elementor-widget-jkit_icon_box\" data-id=\"859a851\" data-element_type=\"widget\" data-widget_type=\"jkit_icon_box.default\">\n\t\t\t\t<div class=\"elementor-widget-container\">\n\t\t\t\t\t<div  class=\"jeg-elementor-kit jkit-icon-box icon-position-left elementor-animation- jeg_module__2_69d3eaef52a79\" ><div class=\"jkit-icon-box-wrapper hover-from-left\"><div class=\"icon-box icon-box-header elementor-animation-float\"><div class=\"icon style-color\"><i aria-hidden=\"true\" class=\"jki jki-doctor-light\"><\/i><\/div><\/div><div class=\"icon-box icon-box-body\">\n                <h3 class=\"title\">Specialist in Plastic Surgery <\/h3><p class=\"icon-box-description\">Especialista en Cirug\u00eda Pl\u00e1stica , Maxilofacial y de la Mano . Universidad de Antioquia.  Medell\u00edn, Colombia.\nSeptiembre 2009.<\/p>\n            <\/div>\n            \n            <\/div><\/div>\t\t\t\t<\/div>\n\t\t\t\t<\/div>\n\t\t\t\t<section class=\"elementor-section elementor-inner-section elementor-element elementor-element-1c31373 elementor-section-content-middle elementor-section-boxed elementor-section-height-default elementor-section-height-default\" data-id=\"1c31373\" data-element_type=\"section\">\n\t\t\t\t\t\t<div class=\"elementor-container elementor-column-gap-no\">\n\t\t\t\t\t<div class=\"elementor-column elementor-col-100 elementor-inner-column elementor-element elementor-element-0bc4e24\" data-id=\"0bc4e24\" data-element_type=\"column\">\n\t\t\t<div class=\"elementor-widget-wrap elementor-element-populated\">\n\t\t\t\t\t\t<div class=\"elementor-element elementor-element-8a38dca elementor-align-justify elementor-widget elementor-widget-button\" data-id=\"8a38dca\" data-element_type=\"widget\" data-widget_type=\"button.default\">\n\t\t\t\t<div class=\"elementor-widget-container\">\n\t\t\t\t\t\t\t\t\t<div class=\"elementor-button-wrapper\">\n\t\t\t\t\t<a class=\"elementor-button elementor-button-link elementor-size-sm elementor-animation-float\" href=\"https:\/\/www.topdoctors.com.co\/doctor\/andres-felipe-gomez-corrales\/\" target=\"_blank\" rel=\"noopener\">\n\t\t\t\t\t\t<span class=\"elementor-button-content-wrapper\">\n\t\t\t\t\t\t\t\t\t<span class=\"elementor-button-text\">Schedule Appointment<\/span>\n\t\t\t\t\t<\/span>\n\t\t\t\t\t<\/a>\n\t\t\t\t<\/div>\n\t\t\t\t\t\t\t\t<\/div>\n\t\t\t\t<\/div>\n\t\t\t\t\t<\/div>\n\t\t<\/div>\n\t\t\t\t\t<\/div>\n\t\t<\/section>\n\t\t\t\t\t<\/div>\n\t\t<\/div>\n\t\t\t\t<div class=\"elementor-column elementor-col-50 elementor-top-column elementor-element elementor-element-95b069a\" data-id=\"95b069a\" data-element_type=\"column\">\n\t\t\t<div class=\"elementor-widget-wrap elementor-element-populated\">\n\t\t\t\t\t\t<section class=\"elementor-section elementor-inner-section elementor-element elementor-element-bb2f8f2 elementor-section-boxed elementor-section-height-default elementor-section-height-default\" data-id=\"bb2f8f2\" data-element_type=\"section\">\n\t\t\t\t\t\t<div class=\"elementor-container elementor-column-gap-no\">\n\t\t\t\t\t<div class=\"elementor-column elementor-col-50 elementor-inner-column elementor-element elementor-element-d157b24 animated-slow elementor-invisible\" data-id=\"d157b24\" data-element_type=\"column\" data-settings=\"{&quot;background_background&quot;:&quot;classic&quot;,&quot;animation&quot;:&quot;fadeInUp&quot;}\">\n\t\t\t<div class=\"elementor-widget-wrap elementor-element-populated\">\n\t\t\t\t\t\t<div class=\"elementor-element elementor-element-a7b1b97 elementor-widget elementor-widget-spacer\" data-id=\"a7b1b97\" data-element_type=\"widget\" data-widget_type=\"spacer.default\">\n\t\t\t\t<div class=\"elementor-widget-container\">\n\t\t\t\t\t\t\t<div class=\"elementor-spacer\">\n\t\t\t<div class=\"elementor-spacer-inner\"><\/div>\n\t\t<\/div>\n\t\t\t\t\t\t<\/div>\n\t\t\t\t<\/div>\n\t\t\t\t\t<\/div>\n\t\t<\/div>\n\t\t\t\t<div class=\"elementor-column elementor-col-50 elementor-inner-column elementor-element elementor-element-e289ccd animated-slow elementor-invisible\" data-id=\"e289ccd\" data-element_type=\"column\" data-settings=\"{&quot;animation&quot;:&quot;fadeInDown&quot;}\">\n\t\t\t<div class=\"elementor-widget-wrap elementor-element-populated\">\n\t\t\t\t\t\t<div class=\"elementor-element elementor-element-765e097 elementor-widget elementor-widget-image\" data-id=\"765e097\" data-element_type=\"widget\" data-widget_type=\"image.default\">\n\t\t\t\t<div class=\"elementor-widget-container\">\n\t\t\t\t\t\t\t\t\t\t\t\t\t\t\t<img fetchpriority=\"high\" decoding=\"async\" width=\"1335\" height=\"2000\" src=\"https:\/\/andresgomezcirujano.com\/wp-content\/uploads\/2024\/07\/Andres-gomez-cirujano-plastico1.jpg\" class=\"attachment-full size-full wp-image-133\" alt=\"\" srcset=\"https:\/\/andresgomezcirujano.com\/wp-content\/uploads\/2024\/07\/Andres-gomez-cirujano-plastico1.jpg 1335w, https:\/\/andresgomezcirujano.com\/wp-content\/uploads\/2024\/07\/Andres-gomez-cirujano-plastico1-200x300.jpg 200w, https:\/\/andresgomezcirujano.com\/wp-content\/uploads\/2024\/07\/Andres-gomez-cirujano-plastico1-684x1024.jpg 684w, https:\/\/andresgomezcirujano.com\/wp-content\/uploads\/2024\/07\/Andres-gomez-cirujano-plastico1-768x1151.jpg 768w, https:\/\/andresgomezcirujano.com\/wp-content\/uploads\/2024\/07\/Andres-gomez-cirujano-plastico1-1025x1536.jpg 1025w\" sizes=\"(max-width: 1335px) 100vw, 1335px\" \/>\t\t\t\t\t\t\t\t\t\t\t\t\t\t\t<\/div>\n\t\t\t\t<\/div>\n\t\t\t\t\t<\/div>\n\t\t<\/div>\n\t\t\t\t\t<\/div>\n\t\t<\/section>\n\t\t\t\t<section class=\"elementor-section elementor-inner-section elementor-element elementor-element-2209d3e animated-slow elementor-section-boxed elementor-section-height-default elementor-section-height-default elementor-invisible\" data-id=\"2209d3e\" data-element_type=\"section\" data-settings=\"{&quot;animation&quot;:&quot;fadeInRight&quot;}\">\n\t\t\t\t\t\t<div class=\"elementor-container elementor-column-gap-no\">\n\t\t\t\t\t<div class=\"elementor-column elementor-col-100 elementor-inner-column elementor-element elementor-element-e59de18\" data-id=\"e59de18\" data-element_type=\"column\" data-settings=\"{&quot;background_background&quot;:&quot;classic&quot;}\">\n\t\t\t<div class=\"elementor-widget-wrap elementor-element-populated\">\n\t\t\t\t\t\t<div class=\"elementor-element elementor-element-bb14818 elementor-widget elementor-widget-spacer\" data-id=\"bb14818\" data-element_type=\"widget\" data-widget_type=\"spacer.default\">\n\t\t\t\t<div class=\"elementor-widget-container\">\n\t\t\t\t\t\t\t<div class=\"elementor-spacer\">\n\t\t\t<div class=\"elementor-spacer-inner\"><\/div>\n\t\t<\/div>\n\t\t\t\t\t\t<\/div>\n\t\t\t\t<\/div>\n\t\t\t\t\t<\/div>\n\t\t<\/div>\n\t\t\t\t\t<\/div>\n\t\t<\/section>\n\t\t\t\t\t<\/div>\n\t\t<\/div>\n\t\t\t\t\t<\/div>\n\t\t<\/section>\n\t\t\t\t<\/div>","protected":false},"excerpt":{"rendered":"<p>Doctor Andr\u00e9s Felipe G\u00f3mez C. Hola, soy el Dr. Andr\u00e9s G\u00f3mez, un apasionado por la medicina y las buenas pr\u00e1cticas. [&hellip;]<\/p>","protected":false},"author":1,"featured_media":0,"parent":0,"menu_order":0,"comment_status":"closed","ping_status":"closed","template":"","meta":{"site-sidebar-layout":"no-sidebar","site-content-layout":"","ast-site-content-layout":"full-width-container","site-content-style":"default","site-sidebar-style":"default","ast-global-header-display":"","ast-banner-title-visibility":"","ast-main-header-display":"","ast-hfb-above-header-display":"","ast-hfb-below-header-display":"","ast-hfb-mobile-header-display":"","site-post-title":"disabled","ast-breadcrumbs-content":"","ast-featured-img":"disabled","footer-sml-layout":"","theme-transparent-header-meta":"","adv-header-id-meta":"","stick-header-meta":"","header-above-stick-meta":"","header-main-stick-meta":"","header-below-stick-meta":"","astra-migrate-meta-layouts":"default","ast-page-background-enabled":"default","ast-page-background-meta":{"desktop":{"background-color":"var(--ast-global-color-4)","background-image":"","background-repeat":"repeat","background-position":"center center","background-size":"auto","background-attachment":"scroll","background-type":"","background-media":"","overlay-type":"","overlay-color":"","overlay-opacity":"","overlay-gradient":""},"tablet":{"background-color":"","background-image":"","background-repeat":"repeat","background-position":"center center","background-size":"auto","background-attachment":"scroll","background-type":"","background-media":"","overlay-type":"","overlay-color":"","overlay-opacity":"","overlay-gradient":""},"mobile":{"background-color":"","background-image":"","background-repeat":"repeat","background-position":"center center","background-size":"auto","background-attachment":"scroll","background-type":"","background-media":"","overlay-type":"","overlay-color":"","overlay-opacity":"","overlay-gradient":""}},"ast-content-background-meta":{"desktop":{"background-color":"var(--ast-global-color-5)","background-image":"","background-repeat":"repeat","background-position":"center center","background-size":"auto","background-attachment":"scroll","background-type":"","background-media":"","overlay-type":"","overlay-color":"","overlay-opacity":"","overlay-gradient":""},"tablet":{"background-color":"var(--ast-global-color-5)","background-image":"","background-repeat":"repeat","background-position":"center center","background-size":"auto","background-attachment":"scroll","background-type":"","background-media":"","overlay-type":"","overlay-color":"","overlay-opacity":"","overlay-gradient":""},"mobile":{"background-color":"var(--ast-global-color-5)","background-image":"","background-repeat":"repeat","background-position":"center center","background-size":"auto","background-attachment":"scroll","background-type":"","background-media":"","overlay-type":"","overlay-color":"","overlay-opacity":"","overlay-gradient":""}},"footnotes":""},"class_list":["post-172","page","type-page","status-publish","hentry"],"_links":{"self":[{"href":"https:\/\/andresgomezcirujano.com\/en\/wp-json\/wp\/v2\/pages\/172"}],"collection":[{"href":"https:\/\/andresgomezcirujano.com\/en\/wp-json\/wp\/v2\/pages"}],"about":[{"href":"https:\/\/andresgomezcirujano.com\/en\/wp-json\/wp\/v2\/types\/page"}],"author":[{"embeddable":true,"href":"https:\/\/andresgomezcirujano.com\/en\/wp-json\/wp\/v2\/users\/1"}],"replies":[{"embeddable":true,"href":"https:\/\/andresgomezcirujano.com\/en\/wp-json\/wp\/v2\/comments?post=172"}],"version-history":[{"count":28,"href":"https:\/\/andresgomezcirujano.com\/en\/wp-json\/wp\/v2\/pages\/172\/revisions"}],"predecessor-version":[{"id":355,"href":"https:\/\/andresgomezcirujano.com\/en\/wp-json\/wp\/v2\/pages\/172\/revisions\/355"}],"wp:attachment":[{"href":"https:\/\/andresgomezcirujano.com\/en\/wp-json\/wp\/v2\/media?parent=172"}],"curies":[{"name":"wp","href":"https:\/\/api.w.org\/{rel}","templated":true}]}}