{"id":846,"date":"2026-02-06T18:52:56","date_gmt":"2026-02-06T18:52:56","guid":{"rendered":"https:\/\/andresgomezcirujano.com\/?page_id=846"},"modified":"2026-02-11T23:35:08","modified_gmt":"2026-02-11T23:35:08","slug":"blog","status":"publish","type":"page","link":"https:\/\/andresgomezcirujano.com\/en\/blog\/","title":{"rendered":"Blog"},"content":{"rendered":"<div class=\"wp-block-columns is-layout-flex wp-container-core-columns-is-layout-1 wp-block-columns-is-layout-flex\">\n<div class=\"wp-block-column is-layout-flow wp-block-column-is-layout-flow\">\n<p>Encuentra informaci\u00f3n m\u00e9dica clara y basada en experiencia cl\u00ednica sobre <strong>rinoplastia, lipoescultura, abdominoplastia, mamoplastia, mastopexia, blefaroplastia, lifting facial, otoplastia, braquioplastia, cruroplastia, cervicoplastia, lipoinyecci\u00f3n<\/strong>, as\u00ed como tratamientos como <strong>b\u00f3tox y \u00e1cido hialur\u00f3nico<\/strong>. Aqu\u00ed encontrar\u00e1s explicaciones precisas sobre en qu\u00e9 consiste cada procedimiento, cu\u00e1ndo est\u00e1 indicado y qu\u00e9 resultados son realistas, para que tomes decisiones seguras, informadas y respaldadas por criterio profesional.<\/p>\n<\/div>\n<\/div>\n\n\n<ul style=\"font-style:normal;font-weight:700;\" class=\"wp-block-latest-posts__list is-grid columns-3 wp-block-latest-posts\"><li><div class=\"wp-block-latest-posts__featured-image\"><img fetchpriority=\"high\" decoding=\"async\" width=\"1024\" height=\"576\" src=\"https:\/\/andresgomezcirujano.com\/wp-content\/uploads\/2026\/02\/Que-es-abdominoplastia-y-cuando-se-recomienda-1024x576.png\" class=\"attachment-large size-large wp-post-image\" alt=\"\" style=\"\" srcset=\"https:\/\/andresgomezcirujano.com\/wp-content\/uploads\/2026\/02\/Que-es-abdominoplastia-y-cuando-se-recomienda-1024x576.png 1024w, https:\/\/andresgomezcirujano.com\/wp-content\/uploads\/2026\/02\/Que-es-abdominoplastia-y-cuando-se-recomienda-300x169.png 300w, https:\/\/andresgomezcirujano.com\/wp-content\/uploads\/2026\/02\/Que-es-abdominoplastia-y-cuando-se-recomienda-768x432.png 768w, https:\/\/andresgomezcirujano.com\/wp-content\/uploads\/2026\/02\/Que-es-abdominoplastia-y-cuando-se-recomienda-18x10.png 18w, https:\/\/andresgomezcirujano.com\/wp-content\/uploads\/2026\/02\/Que-es-abdominoplastia-y-cuando-se-recomienda.png 1280w\" sizes=\"(max-width: 1024px) 100vw, 1024px\" \/><\/div><a class=\"wp-block-latest-posts__post-title\" href=\"https:\/\/andresgomezcirujano.com\/en\/que-es-abdominoplastia-y-cuando-se-recomienda\/\">Qu\u00e9 es abdominoplastia y cu\u00e1ndo se recomienda<\/a><\/li>\n<li><div class=\"wp-block-latest-posts__featured-image\"><img decoding=\"async\" width=\"1024\" height=\"576\" src=\"https:\/\/andresgomezcirujano.com\/wp-content\/uploads\/2026\/02\/Que-es-la-toxina-botulinica-o-botox-y-como-funciona-1024x576.png\" class=\"attachment-large size-large wp-post-image\" alt=\"Qu\u00e9 es la toxina botul\u00ednica o botox y c\u00f3mo funciona\" style=\"\" srcset=\"https:\/\/andresgomezcirujano.com\/wp-content\/uploads\/2026\/02\/Que-es-la-toxina-botulinica-o-botox-y-como-funciona-1024x576.png 1024w, https:\/\/andresgomezcirujano.com\/wp-content\/uploads\/2026\/02\/Que-es-la-toxina-botulinica-o-botox-y-como-funciona-300x169.png 300w, https:\/\/andresgomezcirujano.com\/wp-content\/uploads\/2026\/02\/Que-es-la-toxina-botulinica-o-botox-y-como-funciona-768x432.png 768w, https:\/\/andresgomezcirujano.com\/wp-content\/uploads\/2026\/02\/Que-es-la-toxina-botulinica-o-botox-y-como-funciona-18x10.png 18w, https:\/\/andresgomezcirujano.com\/wp-content\/uploads\/2026\/02\/Que-es-la-toxina-botulinica-o-botox-y-como-funciona.png 1280w\" sizes=\"(max-width: 1024px) 100vw, 1024px\" \/><\/div><a class=\"wp-block-latest-posts__post-title\" href=\"https:\/\/andresgomezcirujano.com\/en\/que-es-la-toxina-botulinica-o-botox-y-como-funciona\/\">Qu\u00e9 es la toxina botul\u00ednica o botox y c\u00f3mo funciona<\/a><\/li>\n<li><div class=\"wp-block-latest-posts__featured-image\"><img decoding=\"async\" width=\"1024\" height=\"576\" src=\"https:\/\/andresgomezcirujano.com\/wp-content\/uploads\/2026\/02\/Para-que-sirve-el-acido-hialuronico-1024x576.png\" class=\"attachment-large size-large wp-post-image\" alt=\"Para qu\u00e9 sirve el \u00e1cido hialur\u00f3nico\" style=\"\" srcset=\"https:\/\/andresgomezcirujano.com\/wp-content\/uploads\/2026\/02\/Para-que-sirve-el-acido-hialuronico-1024x576.png 1024w, https:\/\/andresgomezcirujano.com\/wp-content\/uploads\/2026\/02\/Para-que-sirve-el-acido-hialuronico-300x169.png 300w, https:\/\/andresgomezcirujano.com\/wp-content\/uploads\/2026\/02\/Para-que-sirve-el-acido-hialuronico-768x432.png 768w, https:\/\/andresgomezcirujano.com\/wp-content\/uploads\/2026\/02\/Para-que-sirve-el-acido-hialuronico-18x10.png 18w, https:\/\/andresgomezcirujano.com\/wp-content\/uploads\/2026\/02\/Para-que-sirve-el-acido-hialuronico.png 1280w\" sizes=\"(max-width: 1024px) 100vw, 1024px\" \/><\/div><a class=\"wp-block-latest-posts__post-title\" href=\"https:\/\/andresgomezcirujano.com\/en\/para-que-sirve-el-acido-hialuronico\/\">Para qu\u00e9 sirve el \u00e1cido hialur\u00f3nico<\/a><\/li>\n<\/ul>\n\n\n<div class=\"wp-block-query is-layout-flow wp-block-query-is-layout-flow\"><\/div>\n\n\n\n<p><\/p>","protected":false},"excerpt":{"rendered":"<p>Encuentra informaci\u00f3n m\u00e9dica clara y basada en experiencia cl\u00ednica sobre rinoplastia, lipoescultura, abdominoplastia, mamoplastia, mastopexia, blefaroplastia, lifting facial, otoplastia, braquioplastia, [&hellip;]<\/p>","protected":false},"author":1,"featured_media":0,"parent":0,"menu_order":0,"comment_status":"closed","ping_status":"closed","template":"","meta":{"site-sidebar-layout":"default","site-content-layout":"","ast-site-content-layout":"","site-content-style":"default","site-sidebar-style":"default","ast-global-header-display":"","ast-banner-title-visibility":"","ast-main-header-display":"","ast-hfb-above-header-display":"","ast-hfb-below-header-display":"","ast-hfb-mobile-header-display":"","site-post-title":"","ast-breadcrumbs-content":"","ast-featured-img":"","footer-sml-layout":"","theme-transparent-header-meta":"","adv-header-id-meta":"","stick-header-meta":"","header-above-stick-meta":"","header-main-stick-meta":"","header-below-stick-meta":"","astra-migrate-meta-layouts":"default","ast-page-background-enabled":"default","ast-page-background-meta":{"desktop":{"background-color":"var(--ast-global-color-4)","background-image":"","background-repeat":"repeat","background-position":"center center","background-size":"auto","background-attachment":"scroll","background-type":"","background-media":"","overlay-type":"","overlay-color":"","overlay-opacity":"","overlay-gradient":""},"tablet":{"background-color":"","background-image":"","background-repeat":"repeat","background-position":"center center","background-size":"auto","background-attachment":"scroll","background-type":"","background-media":"","overlay-type":"","overlay-color":"","overlay-opacity":"","overlay-gradient":""},"mobile":{"background-color":"","background-image":"","background-repeat":"repeat","background-position":"center center","background-size":"auto","background-attachment":"scroll","background-type":"","background-media":"","overlay-type":"","overlay-color":"","overlay-opacity":"","overlay-gradient":""}},"ast-content-background-meta":{"desktop":{"background-color":"var(--ast-global-color-5)","background-image":"","background-repeat":"repeat","background-position":"center center","background-size":"auto","background-attachment":"scroll","background-type":"","background-media":"","overlay-type":"","overlay-color":"","overlay-opacity":"","overlay-gradient":""},"tablet":{"background-color":"var(--ast-global-color-5)","background-image":"","background-repeat":"repeat","background-position":"center center","background-size":"auto","background-attachment":"scroll","background-type":"","background-media":"","overlay-type":"","overlay-color":"","overlay-opacity":"","overlay-gradient":""},"mobile":{"background-color":"var(--ast-global-color-5)","background-image":"","background-repeat":"repeat","background-position":"center center","background-size":"auto","background-attachment":"scroll","background-type":"","background-media":"","overlay-type":"","overlay-color":"","overlay-opacity":"","overlay-gradient":""}},"footnotes":""},"class_list":["post-846","page","type-page","status-publish","hentry"],"_links":{"self":[{"href":"https:\/\/andresgomezcirujano.com\/en\/wp-json\/wp\/v2\/pages\/846"}],"collection":[{"href":"https:\/\/andresgomezcirujano.com\/en\/wp-json\/wp\/v2\/pages"}],"about":[{"href":"https:\/\/andresgomezcirujano.com\/en\/wp-json\/wp\/v2\/types\/page"}],"author":[{"embeddable":true,"href":"https:\/\/andresgomezcirujano.com\/en\/wp-json\/wp\/v2\/users\/1"}],"replies":[{"embeddable":true,"href":"https:\/\/andresgomezcirujano.com\/en\/wp-json\/wp\/v2\/comments?post=846"}],"version-history":[{"count":8,"href":"https:\/\/andresgomezcirujano.com\/en\/wp-json\/wp\/v2\/pages\/846\/revisions"}],"predecessor-version":[{"id":876,"href":"https:\/\/andresgomezcirujano.com\/en\/wp-json\/wp\/v2\/pages\/846\/revisions\/876"}],"wp:attachment":[{"href":"https:\/\/andresgomezcirujano.com\/en\/wp-json\/wp\/v2\/media?parent=846"}],"curies":[{"name":"wp","href":"https:\/\/api.w.org\/{rel}","templated":true}]}}